{"id":3763,"date":"2023-07-07T08:56:00","date_gmt":"2023-07-07T08:56:00","guid":{"rendered":"https:\/\/restaurantemasena.es\/brief\/"},"modified":"2025-12-12T12:44:07","modified_gmt":"2025-12-12T12:44:07","slug":"brief","status":"publish","type":"page","link":"https:\/\/restaurantemasena.es\/nl\/brief\/","title":{"rendered":"Brief"},"content":{"rendered":"","protected":false},"excerpt":{"rendered":"","protected":false},"author":1,"featured_media":0,"parent":0,"menu_order":0,"comment_status":"closed","ping_status":"closed","template":"","meta":{"footnotes":""},"class_list":["post-3763","page","type-page","status-publish","hentry"],"yoast_head":"<!-- This site is optimized with the Yoast SEO plugin v27.3 - https:\/\/yoast.com\/product\/yoast-seo-wordpress\/ -->\n<title>Brief - Restaurante Masena J\u00e1vea<\/title>\n<meta name=\"robots\" content=\"index, follow, max-snippet:-1, max-image-preview:large, max-video-preview:-1\" \/>\n<link rel=\"canonical\" href=\"https:\/\/restaurantemasena.es\/nl\/brief\/\" \/>\n<meta property=\"og:locale\" content=\"nl_NL\" \/>\n<meta property=\"og:type\" content=\"article\" \/>\n<meta property=\"og:title\" content=\"Brief - Restaurante Masena J\u00e1vea\" \/>\n<meta property=\"og:url\" content=\"https:\/\/restaurantemasena.es\/nl\/brief\/\" \/>\n<meta property=\"og:site_name\" content=\"Restaurante Masena J\u00e1vea\" \/>\n<meta property=\"article:modified_time\" content=\"2025-12-12T12:44:07+00:00\" \/>\n<meta name=\"twitter:card\" content=\"summary_large_image\" \/>\n<script type=\"application\/ld+json\" class=\"yoast-schema-graph\">{\"@context\":\"https:\\\/\\\/schema.org\",\"@graph\":[{\"@type\":\"WebPage\",\"@id\":\"https:\\\/\\\/restaurantemasena.es\\\/nl\\\/brief\\\/\",\"url\":\"https:\\\/\\\/restaurantemasena.es\\\/nl\\\/brief\\\/\",\"name\":\"Brief - Restaurante Masena J\u00e1vea\",\"isPartOf\":{\"@id\":\"https:\\\/\\\/restaurantemasena.es\\\/#website\"},\"datePublished\":\"2023-07-07T08:56:00+00:00\",\"dateModified\":\"2025-12-12T12:44:07+00:00\",\"breadcrumb\":{\"@id\":\"https:\\\/\\\/restaurantemasena.es\\\/nl\\\/brief\\\/#breadcrumb\"},\"inLanguage\":\"nl-NL\",\"potentialAction\":[{\"@type\":\"ReadAction\",\"target\":[\"https:\\\/\\\/restaurantemasena.es\\\/nl\\\/brief\\\/\"]}]},{\"@type\":\"BreadcrumbList\",\"@id\":\"https:\\\/\\\/restaurantemasena.es\\\/nl\\\/brief\\\/#breadcrumb\",\"itemListElement\":[{\"@type\":\"ListItem\",\"position\":1,\"name\":\"Portada\",\"item\":\"https:\\\/\\\/restaurantemasena.es\\\/nl\\\/inicio\\\/\"},{\"@type\":\"ListItem\",\"position\":2,\"name\":\"Brief\"}]},{\"@type\":\"WebSite\",\"@id\":\"https:\\\/\\\/restaurantemasena.es\\\/#website\",\"url\":\"https:\\\/\\\/restaurantemasena.es\\\/\",\"name\":\"Restaurante Masena J\u00e1vea\",\"description\":\"Fusi\u00f3n cocina francesa y mediterr\u00e1nea\",\"publisher\":{\"@id\":\"https:\\\/\\\/restaurantemasena.es\\\/#organization\"},\"potentialAction\":[{\"@type\":\"SearchAction\",\"target\":{\"@type\":\"EntryPoint\",\"urlTemplate\":\"https:\\\/\\\/restaurantemasena.es\\\/?s={search_term_string}\"},\"query-input\":{\"@type\":\"PropertyValueSpecification\",\"valueRequired\":true,\"valueName\":\"search_term_string\"}}],\"inLanguage\":\"nl-NL\"},{\"@type\":\"Organization\",\"@id\":\"https:\\\/\\\/restaurantemasena.es\\\/#organization\",\"name\":\"Restaurante Masena J\u00e1vea\",\"url\":\"https:\\\/\\\/restaurantemasena.es\\\/\",\"logo\":{\"@type\":\"ImageObject\",\"inLanguage\":\"nl-NL\",\"@id\":\"https:\\\/\\\/restaurantemasena.es\\\/#\\\/schema\\\/logo\\\/image\\\/\",\"url\":\"https:\\\/\\\/restaurantemasena.es\\\/wp-content\\\/uploads\\\/2022\\\/08\\\/logo_fondo.png\",\"contentUrl\":\"https:\\\/\\\/restaurantemasena.es\\\/wp-content\\\/uploads\\\/2022\\\/08\\\/logo_fondo.png\",\"width\":319,\"height\":98,\"caption\":\"Restaurante Masena J\u00e1vea\"},\"image\":{\"@id\":\"https:\\\/\\\/restaurantemasena.es\\\/#\\\/schema\\\/logo\\\/image\\\/\"}}]}<\/script>\n<!-- \/ Yoast SEO plugin. -->","yoast_head_json":{"title":"Brief - Restaurante Masena J\u00e1vea","robots":{"index":"index","follow":"follow","max-snippet":"max-snippet:-1","max-image-preview":"max-image-preview:large","max-video-preview":"max-video-preview:-1"},"canonical":"https:\/\/restaurantemasena.es\/nl\/brief\/","og_locale":"nl_NL","og_type":"article","og_title":"Brief - Restaurante Masena J\u00e1vea","og_url":"https:\/\/restaurantemasena.es\/nl\/brief\/","og_site_name":"Restaurante Masena J\u00e1vea","article_modified_time":"2025-12-12T12:44:07+00:00","twitter_card":"summary_large_image","schema":{"@context":"https:\/\/schema.org","@graph":[{"@type":"WebPage","@id":"https:\/\/restaurantemasena.es\/nl\/brief\/","url":"https:\/\/restaurantemasena.es\/nl\/brief\/","name":"Brief - Restaurante Masena J\u00e1vea","isPartOf":{"@id":"https:\/\/restaurantemasena.es\/#website"},"datePublished":"2023-07-07T08:56:00+00:00","dateModified":"2025-12-12T12:44:07+00:00","breadcrumb":{"@id":"https:\/\/restaurantemasena.es\/nl\/brief\/#breadcrumb"},"inLanguage":"nl-NL","potentialAction":[{"@type":"ReadAction","target":["https:\/\/restaurantemasena.es\/nl\/brief\/"]}]},{"@type":"BreadcrumbList","@id":"https:\/\/restaurantemasena.es\/nl\/brief\/#breadcrumb","itemListElement":[{"@type":"ListItem","position":1,"name":"Portada","item":"https:\/\/restaurantemasena.es\/nl\/inicio\/"},{"@type":"ListItem","position":2,"name":"Brief"}]},{"@type":"WebSite","@id":"https:\/\/restaurantemasena.es\/#website","url":"https:\/\/restaurantemasena.es\/","name":"Restaurante Masena J\u00e1vea","description":"Fusi\u00f3n cocina francesa y mediterr\u00e1nea","publisher":{"@id":"https:\/\/restaurantemasena.es\/#organization"},"potentialAction":[{"@type":"SearchAction","target":{"@type":"EntryPoint","urlTemplate":"https:\/\/restaurantemasena.es\/?s={search_term_string}"},"query-input":{"@type":"PropertyValueSpecification","valueRequired":true,"valueName":"search_term_string"}}],"inLanguage":"nl-NL"},{"@type":"Organization","@id":"https:\/\/restaurantemasena.es\/#organization","name":"Restaurante Masena J\u00e1vea","url":"https:\/\/restaurantemasena.es\/","logo":{"@type":"ImageObject","inLanguage":"nl-NL","@id":"https:\/\/restaurantemasena.es\/#\/schema\/logo\/image\/","url":"https:\/\/restaurantemasena.es\/wp-content\/uploads\/2022\/08\/logo_fondo.png","contentUrl":"https:\/\/restaurantemasena.es\/wp-content\/uploads\/2022\/08\/logo_fondo.png","width":319,"height":98,"caption":"Restaurante Masena J\u00e1vea"},"image":{"@id":"https:\/\/restaurantemasena.es\/#\/schema\/logo\/image\/"}}]}},"_links":{"self":[{"href":"https:\/\/restaurantemasena.es\/nl\/wp-json\/wp\/v2\/pages\/3763","targetHints":{"allow":["GET"]}}],"collection":[{"href":"https:\/\/restaurantemasena.es\/nl\/wp-json\/wp\/v2\/pages"}],"about":[{"href":"https:\/\/restaurantemasena.es\/nl\/wp-json\/wp\/v2\/types\/page"}],"author":[{"embeddable":true,"href":"https:\/\/restaurantemasena.es\/nl\/wp-json\/wp\/v2\/users\/1"}],"replies":[{"embeddable":true,"href":"https:\/\/restaurantemasena.es\/nl\/wp-json\/wp\/v2\/comments?post=3763"}],"version-history":[{"count":1,"href":"https:\/\/restaurantemasena.es\/nl\/wp-json\/wp\/v2\/pages\/3763\/revisions"}],"predecessor-version":[{"id":3766,"href":"https:\/\/restaurantemasena.es\/nl\/wp-json\/wp\/v2\/pages\/3763\/revisions\/3766"}],"wp:attachment":[{"href":"https:\/\/restaurantemasena.es\/nl\/wp-json\/wp\/v2\/media?parent=3763"}],"curies":[{"name":"wp","href":"https:\/\/api.w.org\/{rel}","templated":true}]}}